{"id":295,"date":"2016-04-24T10:53:25","date_gmt":"2016-04-24T08:53:25","guid":{"rendered":"http:\/\/amberger-rrc-schubidu.de\/?page_id=295"},"modified":"2016-04-24T10:53:52","modified_gmt":"2016-04-24T08:53:52","slug":"impressumg","status":"publish","type":"page","link":"http:\/\/amberger-rrc-schubidu.de\/?page_id=295","title":{"rendered":"Impressum"},"content":{"rendered":"<p>Amberger Rock &#8217;n Roll Club Schubidu e. V.<br \/>\nElbarter Str. 3<br \/>92271 Freihung<\/p>\n<p>Telefon: 09646 8144<br \/>\nTelefax: 09646 809930<br \/>\nE-Mail: <a href=\"mailto:stauber-freihung (at) t-online.de\">stauber-freihung (at) t-online.de<\/a>\n<\/p>\n<p><strong>Vertreten durch:<\/strong><br \/>Vorstand Martin Stauber<\/p>\n<p><strong>Registereintrag:<\/strong><br \/>Eingetragen im Vereinsregister.<br \/>Registergericht: Amberg<br \/>Registernummer: VR679<\/p>\n<h2>Disclaimer \u2013 rechtliche Hinweise<\/h2>\n<p>\u00a7 1 Haftungsbeschr\u00e4nkung<br \/>\nDie Inhalte dieser Website werden mit gr\u00f6\u00dftm\u00f6glicher Sorgfalt erstellt. Der<br \/>\nAnbieter \u00fcbernimmt jedoch keine Gew\u00e4hr f\u00fcr die Richtigkeit, Vollst\u00e4ndigkeit<br \/>\nund Aktualit\u00e4t der bereitgestellten Inhalte. Die Nutzung der Inhalte der<br \/>\nWebsite erfolgt auf eigene Gefahr des Nutzers. Namentlich gekennzeichnete<br \/>\nBeitr\u00e4ge geben die Meinung des jeweiligen Autors und nicht immer die Meinung<br \/>\ndes Anbieters wieder. Mit der reinen Nutzung der Website des Anbieters kommt<br \/>\nkeinerlei Vertragsverh\u00e4ltnis zwischen dem Nutzer und dem Anbieter zustande.<\/p>\n<p>\u00a7 2 Externe Links<br \/>\nDiese Website enth\u00e4lt Verkn\u00fcpfungen zu Websites Dritter (&#8222;externe Links&#8220;).<br \/>\nDiese Websites unterliegen der Haftung der jeweiligen Betreiber. Der<br \/>\nAnbieter hat bei der erstmaligen Verkn\u00fcpfung der externen Links die fremden<br \/>\nInhalte daraufhin \u00fcberpr\u00fcft, ob etwaige Rechtsverst\u00f6\u00dfe bestehen. Zu dem<br \/>\nZeitpunkt waren keine Rechtsverst\u00f6\u00dfe ersichtlich. Der Anbieter hat keinerlei<br \/>\nEinfluss auf die aktuelle und zuk\u00fcnftige Gestaltung und auf die Inhalte der<br \/>\nverkn\u00fcpften Seiten. Das Setzen von externen Links bedeutet nicht, dass sich<br \/>\nder Anbieter die hinter dem Verweis oder Link liegenden Inhalte zu Eigen<br \/>\nmacht. Eine st\u00e4ndige Kontrolle der externen Links ist f\u00fcr den Anbieter ohne<br \/>\nkonkrete Hinweise auf Rechtsverst\u00f6\u00dfe nicht zumutbar. Bei Kenntnis von<br \/>\nRechtsverst\u00f6\u00dfen werden jedoch derartige externe Links unverz\u00fcglich gel\u00f6scht.<\/p>\n<p>\u00a7 3 Urheber- und Leistungsschutzrechte<br \/>\nDie auf dieser Website ver\u00f6ffentlichten Inhalte unterliegen dem deutschen<br \/>\nUrheber- und Leistungsschutzrecht. Jede vom deutschen Urheber- und<br \/>\nLeistungsschutzrecht nicht zugelassene Verwertung bedarf der vorherigen<br \/>\nschriftlichen Zustimmung des Anbieters oder jeweiligen Rechteinhabers. Dies<br \/>\ngilt insbesondere f\u00fcr Vervielf\u00e4ltigung, Bearbeitung, \u00dcbersetzung,<br \/>\nEinspeicherung, Verarbeitung bzw. Wiedergabe von Inhalten in Datenbanken<br \/>\noder anderen elektronischen Medien und Systemen. Inhalte und Rechte Dritter<br \/>\nsind dabei als solche gekennzeichnet. Die unerlaubte Vervielf\u00e4ltigung oder<br \/>\nWeitergabe einzelner Inhalte oder kompletter Seiten ist nicht gestattet und<br \/>\nstrafbar. Lediglich die Herstellung von Kopien und Downloads f\u00fcr den<br \/>\npers\u00f6nlichen, privaten und nicht kommerziellen Gebrauch ist erlaubt.<\/p>\n<p>Die Darstellung dieser Website in fremden Frames ist nur mit schriftlicher<br \/>\nErlaubnis zul\u00e4ssig.<\/p>\n<p>\u00a7 4 Besondere Nutzungsbedingungen<br \/>\nSoweit besondere Bedingungen f\u00fcr einzelne Nutzungen dieser Website von den<br \/>\nvorgenannten Paragraphen abweichen, wird an entsprechender Stelle<br \/>\nausdr\u00fccklich darauf hingewiesen. In diesem Falle gelten im jeweiligen<br \/>\nEinzelfall die besonderen Nutzungsbedingungen.<br \/>Quelle: <a href=\"http:\/\/www.impressum-recht.de\/impressum-generator\/\">Impressum-Generator von Impressum-recht.de<\/a><\/p>\n","protected":false},"excerpt":{"rendered":"<p>Amberger Rock &#8217;n Roll Club Schubidu e. V. Elbarter Str. 392271 Freihung Telefon: 09646 8144 Telefax: 09646 809930 E-Mail: stauber-freihung (at) t-online.de Vertreten durch:Vorstand Martin Stauber Registereintrag:Eingetragen im Vereinsregister.Registergericht: AmbergRegisternummer: VR679 Disclaimer \u2013 rechtliche Hinweise \u00a7 1 Haftungsbeschr\u00e4nkung Die Inhalte<\/p>\n","protected":false},"author":1,"featured_media":0,"parent":0,"menu_order":0,"comment_status":"closed","ping_status":"closed","template":"","meta":{"ngg_post_thumbnail":0},"_links":{"self":[{"href":"http:\/\/amberger-rrc-schubidu.de\/index.php?rest_route=\/wp\/v2\/pages\/295"}],"collection":[{"href":"http:\/\/amberger-rrc-schubidu.de\/index.php?rest_route=\/wp\/v2\/pages"}],"about":[{"href":"http:\/\/amberger-rrc-schubidu.de\/index.php?rest_route=\/wp\/v2\/types\/page"}],"author":[{"embeddable":true,"href":"http:\/\/amberger-rrc-schubidu.de\/index.php?rest_route=\/wp\/v2\/users\/1"}],"replies":[{"embeddable":true,"href":"http:\/\/amberger-rrc-schubidu.de\/index.php?rest_route=%2Fwp%2Fv2%2Fcomments&post=295"}],"version-history":[{"count":3,"href":"http:\/\/amberger-rrc-schubidu.de\/index.php?rest_route=\/wp\/v2\/pages\/295\/revisions"}],"predecessor-version":[{"id":298,"href":"http:\/\/amberger-rrc-schubidu.de\/index.php?rest_route=\/wp\/v2\/pages\/295\/revisions\/298"}],"wp:attachment":[{"href":"http:\/\/amberger-rrc-schubidu.de\/index.php?rest_route=%2Fwp%2Fv2%2Fmedia&parent=295"}],"curies":[{"name":"wp","href":"https:\/\/api.w.org\/{rel}","templated":true}]}}